{"id":613,"date":"2021-05-05T09:16:13","date_gmt":"2021-05-05T09:16:13","guid":{"rendered":"https:\/\/marketingpamplonaenproceso.com\/inmobiliaria\/?page_id=613"},"modified":"2021-05-05T09:16:15","modified_gmt":"2021-05-05T09:16:15","slug":"politica-de-privacidad","status":"publish","type":"page","link":"https:\/\/www.redingrealestateinvestment.com\/pl\/politica-de-privacidad\/","title":{"rendered":"Pol\u00edtica de privacidad"},"content":{"rendered":"\n<p>Redding Real Estate<\/p>\n\n\n\n<p><a href=\"mailto:reding.investment@gmail.com\">reding.investment@gmail.com<\/a><\/p>\n\n\n\n<p>Redding Real Estate (en adelante Redding Real Estate) tiene entre sus objetivos prioritarios garantizar a los usuarios de su web una absoluta confidencialidad de los datos aportados por los mismos. En este sentido, se compromete plenamente con la protecci\u00f3n de los datos personales a tenor de la Ley Org\u00e1nica 15\/1999, de 13 de Diciembre, de Protecci\u00f3n de Datos de Car\u00e1cter Personal.<\/p>\n\n\n\n<p>Redding Real Estate le informa que da cumplimiento a la Ley 34\/2002 de 11 de julio, de Servicios de la Sociedad de la Informaci\u00f3n y el Comercio Electr\u00f3nico y le solicitar\u00e1 su consentimiento al tratamiento de su correo electr\u00f3nico con fines comerciales en cada momento.<\/p>\n\n\n\n<p>Los datos facilitados por los interesados al contactar con nosotros a trav\u00e9s del presente formulario, as\u00ed como los que nos haga llegar por correo electr\u00f3nico, pasan a formar parte de un fichero titularidad de Redding Real Estate, debidamente inscrito en el Registro General de Protecci\u00f3n de Datos, frente al cual el usuario podr\u00e1, en cualquier momento, de acuerdo con lo dispuesto en el art\u00edculo 5 LOPD respecto a los datos de car\u00e1cter personal recogidos, ejercitar los derechos de acceso, rectificaci\u00f3n, cancelaci\u00f3n y oposici\u00f3n, mediante solicitud dirigida por escrito acreditando su identidad a la atenci\u00f3n del titular del fichero en los t\u00e9rminos que suscribe la legislaci\u00f3n vigente a la siguiente direcci\u00f3n de correo electr\u00f3nico <a href=\"mailto:reding.investment@gmail.com\">reding.investment@gmail.com<\/a> indicando en el Asunto EJERCICIO DERECHOS. Los campos en los que figure la leyenda (requerido) son aquellos que requieren una respuesta obligatoria sin la cual no se podr\u00e1 mandar el formulario al igual que si no acepta la casilla de verificaci\u00f3n no marcada que acredita que ha le\u00eddo y acepta la presente pol\u00edtica de protecci\u00f3n de datos. Los datos facilitados son incorporados para su tratamiento con la finalidad de responder a las cuestiones planteadas, as\u00ed como la de remitirles la informaci\u00f3n sobre productos o servicios que en su caso pueda ofertarle el titular del fichero y que pudieran ser de su inter\u00e9s, entendi\u00e9ndose que usted consiente al referido tratamiento para las finalidades antes expuestas si en el plazo de treinta d\u00edas naturales no comunica su oposici\u00f3n al mismo.<\/p>\n","protected":false},"excerpt":{"rendered":"<p>Redding Real Estate reding.investment@gmail.com Redding Real Estate (en adelante Redding Real Estate) tiene entre sus objetivos prioritarios garantizar a los usuarios de su web una absoluta confidencialidad de los datos aportados por los mismos. En este sentido, se compromete plenamente con la protecci\u00f3n de los datos personales a tenor de la Ley Org\u00e1nica 15\/1999, de [&hellip;]<\/p>\n","protected":false},"author":1,"featured_media":0,"parent":0,"menu_order":0,"comment_status":"closed","ping_status":"closed","template":"","meta":{"_et_pb_use_builder":"off","_et_pb_old_content":"","_et_gb_content_width":"","footnotes":""},"class_list":["post-613","page","type-page","status-publish","hentry"],"yoast_head":"<!-- This site is optimized with the Yoast SEO plugin v27.4 - https:\/\/yoast.com\/product\/yoast-seo-wordpress\/ -->\n<title>Pol\u00edtica de privacidad - Reding investment<\/title>\n<meta name=\"robots\" content=\"index, follow, max-snippet:-1, max-image-preview:large, max-video-preview:-1\" \/>\n<link rel=\"canonical\" href=\"https:\/\/www.redingrealestateinvestment.com\/politica-de-privacidad\/\" \/>\n<meta property=\"og:locale\" content=\"pl_PL\" \/>\n<meta property=\"og:type\" content=\"article\" \/>\n<meta property=\"og:title\" content=\"Pol\u00edtica de privacidad - Reding investment\" \/>\n<meta property=\"og:description\" content=\"Redding Real Estate reding.investment@gmail.com Redding Real Estate (en adelante Redding Real Estate) tiene entre sus objetivos prioritarios garantizar a los usuarios de su web una absoluta confidencialidad de los datos aportados por los mismos. En este sentido, se compromete plenamente con la protecci\u00f3n de los datos personales a tenor de la Ley Org\u00e1nica 15\/1999, de [&hellip;]\" \/>\n<meta property=\"og:url\" content=\"https:\/\/www.redingrealestateinvestment.com\/politica-de-privacidad\/\" \/>\n<meta property=\"og:site_name\" content=\"Reding investment\" \/>\n<meta property=\"article:modified_time\" content=\"2021-05-05T09:16:15+00:00\" \/>\n<meta name=\"twitter:card\" content=\"summary_large_image\" \/>\n<meta name=\"twitter:label1\" content=\"Szacowany czas czytania\" \/>\n\t<meta name=\"twitter:data1\" content=\"2 minuty\" \/>\n<script type=\"application\/ld+json\" class=\"yoast-schema-graph\">{\"@context\":\"https:\\\/\\\/schema.org\",\"@graph\":[{\"@type\":\"WebPage\",\"@id\":\"https:\\\/\\\/www.redingrealestateinvestment.com\\\/politica-de-privacidad\\\/\",\"url\":\"https:\\\/\\\/www.redingrealestateinvestment.com\\\/politica-de-privacidad\\\/\",\"name\":\"Pol\u00edtica de privacidad - Reding investment\",\"isPartOf\":{\"@id\":\"https:\\\/\\\/www.redingrealestateinvestment.com\\\/#website\"},\"datePublished\":\"2021-05-05T09:16:13+00:00\",\"dateModified\":\"2021-05-05T09:16:15+00:00\",\"breadcrumb\":{\"@id\":\"https:\\\/\\\/www.redingrealestateinvestment.com\\\/politica-de-privacidad\\\/#breadcrumb\"},\"inLanguage\":\"pl-PL\",\"potentialAction\":[{\"@type\":\"ReadAction\",\"target\":[\"https:\\\/\\\/www.redingrealestateinvestment.com\\\/politica-de-privacidad\\\/\"]}]},{\"@type\":\"BreadcrumbList\",\"@id\":\"https:\\\/\\\/www.redingrealestateinvestment.com\\\/politica-de-privacidad\\\/#breadcrumb\",\"itemListElement\":[{\"@type\":\"ListItem\",\"position\":1,\"name\":\"Portada\",\"item\":\"https:\\\/\\\/www.redingrealestateinvestment.com\\\/pl\\\/nieruchomosci-malaga\\\/\"},{\"@type\":\"ListItem\",\"position\":2,\"name\":\"Pol\u00edtica de privacidad\"}]},{\"@type\":\"WebSite\",\"@id\":\"https:\\\/\\\/www.redingrealestateinvestment.com\\\/#website\",\"url\":\"https:\\\/\\\/www.redingrealestateinvestment.com\\\/\",\"name\":\"Reding investment\",\"description\":\"Propiedades M\u00e1laga Marbella | Reding Real Estate | Espa\u00f1a\",\"potentialAction\":[{\"@type\":\"SearchAction\",\"target\":{\"@type\":\"EntryPoint\",\"urlTemplate\":\"https:\\\/\\\/www.redingrealestateinvestment.com\\\/?s={search_term_string}\"},\"query-input\":{\"@type\":\"PropertyValueSpecification\",\"valueRequired\":true,\"valueName\":\"search_term_string\"}}],\"inLanguage\":\"pl-PL\"}]}<\/script>\n<!-- \/ Yoast SEO plugin. -->","yoast_head_json":{"title":"Pol\u00edtica de privacidad - Reding investment","robots":{"index":"index","follow":"follow","max-snippet":"max-snippet:-1","max-image-preview":"max-image-preview:large","max-video-preview":"max-video-preview:-1"},"canonical":"https:\/\/www.redingrealestateinvestment.com\/politica-de-privacidad\/","og_locale":"pl_PL","og_type":"article","og_title":"Pol\u00edtica de privacidad - Reding investment","og_description":"Redding Real Estate reding.investment@gmail.com Redding Real Estate (en adelante Redding Real Estate) tiene entre sus objetivos prioritarios garantizar a los usuarios de su web una absoluta confidencialidad de los datos aportados por los mismos. En este sentido, se compromete plenamente con la protecci\u00f3n de los datos personales a tenor de la Ley Org\u00e1nica 15\/1999, de [&hellip;]","og_url":"https:\/\/www.redingrealestateinvestment.com\/politica-de-privacidad\/","og_site_name":"Reding investment","article_modified_time":"2021-05-05T09:16:15+00:00","twitter_card":"summary_large_image","twitter_misc":{"Szacowany czas czytania":"2 minuty"},"schema":{"@context":"https:\/\/schema.org","@graph":[{"@type":"WebPage","@id":"https:\/\/www.redingrealestateinvestment.com\/politica-de-privacidad\/","url":"https:\/\/www.redingrealestateinvestment.com\/politica-de-privacidad\/","name":"Pol\u00edtica de privacidad - Reding investment","isPartOf":{"@id":"https:\/\/www.redingrealestateinvestment.com\/#website"},"datePublished":"2021-05-05T09:16:13+00:00","dateModified":"2021-05-05T09:16:15+00:00","breadcrumb":{"@id":"https:\/\/www.redingrealestateinvestment.com\/politica-de-privacidad\/#breadcrumb"},"inLanguage":"pl-PL","potentialAction":[{"@type":"ReadAction","target":["https:\/\/www.redingrealestateinvestment.com\/politica-de-privacidad\/"]}]},{"@type":"BreadcrumbList","@id":"https:\/\/www.redingrealestateinvestment.com\/politica-de-privacidad\/#breadcrumb","itemListElement":[{"@type":"ListItem","position":1,"name":"Portada","item":"https:\/\/www.redingrealestateinvestment.com\/pl\/nieruchomosci-malaga\/"},{"@type":"ListItem","position":2,"name":"Pol\u00edtica de privacidad"}]},{"@type":"WebSite","@id":"https:\/\/www.redingrealestateinvestment.com\/#website","url":"https:\/\/www.redingrealestateinvestment.com\/","name":"Reding investment","description":"Propiedades M\u00e1laga Marbella | Reding Real Estate | Espa\u00f1a","potentialAction":[{"@type":"SearchAction","target":{"@type":"EntryPoint","urlTemplate":"https:\/\/www.redingrealestateinvestment.com\/?s={search_term_string}"},"query-input":{"@type":"PropertyValueSpecification","valueRequired":true,"valueName":"search_term_string"}}],"inLanguage":"pl-PL"}]}},"_links":{"self":[{"href":"https:\/\/www.redingrealestateinvestment.com\/pl\/wp-json\/wp\/v2\/pages\/613","targetHints":{"allow":["GET"]}}],"collection":[{"href":"https:\/\/www.redingrealestateinvestment.com\/pl\/wp-json\/wp\/v2\/pages"}],"about":[{"href":"https:\/\/www.redingrealestateinvestment.com\/pl\/wp-json\/wp\/v2\/types\/page"}],"author":[{"embeddable":true,"href":"https:\/\/www.redingrealestateinvestment.com\/pl\/wp-json\/wp\/v2\/users\/1"}],"replies":[{"embeddable":true,"href":"https:\/\/www.redingrealestateinvestment.com\/pl\/wp-json\/wp\/v2\/comments?post=613"}],"version-history":[{"count":0,"href":"https:\/\/www.redingrealestateinvestment.com\/pl\/wp-json\/wp\/v2\/pages\/613\/revisions"}],"wp:attachment":[{"href":"https:\/\/www.redingrealestateinvestment.com\/pl\/wp-json\/wp\/v2\/media?parent=613"}],"curies":[{"name":"wp","href":"https:\/\/api.w.org\/{rel}","templated":true}]}}