{"id":617,"date":"2021-05-05T09:20:30","date_gmt":"2021-05-05T09:20:30","guid":{"rendered":"https:\/\/marketingpamplonaenproceso.com\/inmobiliaria\/?page_id=617"},"modified":"2021-05-05T09:20:32","modified_gmt":"2021-05-05T09:20:32","slug":"politica-de-cookies","status":"publish","type":"page","link":"https:\/\/www.redingrealestateinvestment.com\/pl\/politica-de-cookies\/","title":{"rendered":"Pol\u00edtica de cookies"},"content":{"rendered":"\n<p>La LSSI-CE, &nbsp;obliga a todos los que tenemos un blog o una web a advertir al usuario de la existencia de cookies, informar sobre ellas &nbsp;y requerirle permiso para descargarlas.<\/p>\n\n\n\n<p><em>Art\u00edculo 22.2 de la Ley 34\/2002. \u201cLos prestadores de servicios podr\u00e1n utilizar dispositivos de almacenamiento y recuperaci\u00f3n de datos en equipos terminales de los destinatarios, a condici\u00f3n de que los mismos hayan dado su consentimiento despu\u00e9s de que se les haya facilitado informaci\u00f3n clara y completa sobre su utilizaci\u00f3n, en particular, sobre los fines del tratamiento de los datos, con arreglo a lo dispuesto en la Ley Org\u00e1nica 15\/1999, de 13 de diciembre, de Protecci\u00f3n de Datos de Car\u00e1cter Personal\u201d.<\/em><\/p>\n\n\n\n<p>Como responsable de esta web, me he esmerado en cumplir con el m\u00e1ximo rigor el art\u00edculo 22.2 el de la Ley 34\/2002 de Servicios de la Sociedad de la Informaci\u00f3n y Comercio Electr\u00f3nico referente a las cookies, no obstante, teniendo en cuenta la forma en la que funciona Internet y los sitios web, no siempre es posible contar con informaci\u00f3n actualizada de las cookies que terceras partes puedan utilizar a trav\u00e9s de este sitio web.<\/p>\n\n\n\n<p>Esto se aplica especialmente a casos en los que esta p\u00e1gina web contiene elementos integrados: es decir, textos, documentos, im\u00e1genes o breves pel\u00edculas que se almacenan en otra parte, pero se muestran en nuestro sitio web.<\/p>\n\n\n\n<p>Por consiguiente, en caso de que te encuentres con este tipo de cookies en este sitio web y no est\u00e9n enumeradas en la lista siguiente, te ruego que me lo comuniques. Tambi\u00e9n puedes ponerte en contacto directamente con el tercero para pedirle informaci\u00f3n sobre las cookies que coloca, la finalidad y la duraci\u00f3n de la cookie, y c\u00f3mo ha garantizado su privacidad.<\/p>\n\n\n\n<h2 class=\"wp-block-heading\">Las cookies que utiliza esta web<\/h2>\n\n\n\n<p>En esta web se utilizan cookies propias y de terceros para conseguir que tengas una mejor experiencia de navegaci\u00f3n, puedas compartir contenido en redes sociales, para mostraste anuncios en funci\u00f3n a tus intereses y para obtener estad\u00edsticas de usuarios.<\/p>\n\n\n\n<p>Como usuario, puedes rechazar el tratamiento de los datos o la informaci\u00f3n bloqueando estas cookies mediante la configuraci\u00f3n apropiada de tu navegador. Sin embargo, debes saber que, si lo haces, este sitio no funcione adecuadamente.<\/p>\n\n\n\n<p>Seg\u00fan los t\u00e9rminos incluidos en el art\u00edculo 22.2 de la Ley 34\/2002 de Servicios de la Sociedad de la Informaci\u00f3n y Comercio Electr\u00f3nico, si contin\u00faas navegando, estar\u00e1s prestando tu consentimiento para el empleo de las cookies que detallo a continuaci\u00f3n.<\/p>\n\n\n\n<p>Las cookies de esta web ayudan a:<\/p>\n\n\n\n<ul class=\"wp-block-list\"><li>Hacer que esta web funcione correctamente<\/li><li>Ahorrarle el tener que iniciar sesi\u00f3n cada vez que visitas este sitio<\/li><li>Recordarte tus ajustes durante y entre las visitas<\/li><li>Permitirte visualizar videos<\/li><li>Mejorar la velocidad \/ seguridad del sitio<\/li><li>Que pueda compartir p\u00e1ginas con redes sociales<\/li><li>Mejorar continuamente este sitio web<\/li><li>Mostrarte anuncios en funci\u00f3n de tus h\u00e1bitos de navegaci\u00f3n<\/li><\/ul>\n\n\n\n<p>No utilizare jam\u00e1s cookies para:<\/p>\n\n\n\n<ul class=\"wp-block-list\"><li>Recoger informaci\u00f3n de identificaci\u00f3n personal (sin tu permiso expreso)<\/li><li>Recoger informaci\u00f3n sensible (sin tu permiso expreso)<\/li><li>Compartir datos de identificaci\u00f3n personal a terceros<\/li><\/ul>\n\n\n\n<h2 class=\"wp-block-heading\">Cookies de terceros que utilizamos en esta web &nbsp;y que debes conocer<\/h2>\n\n\n\n<p>Esta web, como la mayor\u00eda de sitios web, incluye funcionalidades proporcionadas por terceros.<\/p>\n\n\n\n<p>Tambi\u00e9n se ponen a prueba regularmente nuevos dise\u00f1os o servicios de terceros para recomendaciones e informes. &nbsp;Esto puede modificar ocasionalmente la configuraci\u00f3n de cookies y que aparezcan cookies no detalladas en la presente pol\u00edtica. Es importante que sepas que son cookies provisionales que no siempre es posible informar y que solo tienen finalidades de estudio y valoraci\u00f3n. En ning\u00fan caso se van a utilizar cookies que comprometan tu privacidad.<\/p>\n\n\n\n<p>Entre la cookie de terceros m\u00e1s estable est\u00e1:<\/p>\n\n\n\n<ul class=\"wp-block-list\"><li>Las generadas por servicios de an\u00e1lisis: concretamente, Google Analytics para ayudar al website a analizar el uso que hacen los Usuarios del sitio web y mejorar la usabilidad del mismo, pero en ning\u00fan caso se asocian a datos que pudieran llegar a identificar al usuario. Google Analytics, es un servicio anal\u00edtico de web prestado por Google, Inc., una compa\u00f1\u00eda de Delaware cuya oficina principal est\u00e1 en 1600 Amphitheatre Parkway, Mountain View (California), CA 94043, Estados Unidos (\u201cGoogle\u201d). El usuario <a href=\"https:\/\/www.google.es\/intl\/es\/policies\/technologies\/types\/\">puede consultar aqu\u00ed<\/a> el tipo de cookies utilizadas por Google. Cookie de Google+ y Google Maps, seg\u00fan lo dispuesto en su p\u00e1gina sobre qu\u00e9 tipo de cookies utilizan.<\/li><li>WordPress: marketingpamplonaenproceso.com\/inmobiliaria es usuaria de la plataforma de suministro y alojamiento de blogs WordPress, propiedad de la empresa norteamericana Automattic, Inc. A tales efectos, el uso de tales cookies por los sistemas nunca est\u00e1n bajo control o gesti\u00f3n del responsable de la web, pueden cambiar su funci\u00f3n en cualquier momento y entrar cookies nuevas. Estas cookies tampoco reportan al responsable de este web beneficio alguno. Automattic, Inc. utiliza adem\u00e1s otras cookies con la finalidad de ayudar a identificar y rastrear a los visitantes de los sitios de WordPress, conocer el uso que hacen del sitio web de Automattic, as\u00ed como sus preferencias de acceso al mismo, tal y como se recoge en el apartado \u201cCookies\u201d de su pol\u00edtica de privacidad.<\/li><li>YouTube: Tambi\u00e9n se utilizan plataformas de v\u00eddeo como YouTube<\/li><li>Cookies de redes sociales: Las Cookies de redes sociales pueden almacenarse en su navegador mientras navega por marketingpamplonaenproceso.com\/inmobiliaria por ejemplo, cuando utiliza el bot\u00f3n de compartir contenidos de marketingpamplonaenproceso.com\/inmobiliaria en alguna red social.<\/li><\/ul>\n\n\n\n<p>Las empresas que generan estas cookies correspondientes a las redes sociales que utiliza esta web tienen sus propias pol\u00edticas de cookies:<\/p>\n\n\n\n<ul class=\"wp-block-list\"><li>Cookie de Twitter, seg\u00fan lo dispuesto en su <a href=\"https:\/\/twitter.com\/privacy\">pol\u00edtica de privacidad y uso de cookies<\/a><\/li><li>Cookie de Linkedin, seg\u00fan lo dispuesto en su <a href=\"https:\/\/www.linkedin.com\/legal\/cookie-policy?trk=hp-cookies\">pol\u00edtica de cookies<\/a><\/li><li>Cookie de Facebook, seg\u00fan lo dispuesto en su <a href=\"https:\/\/www.facebook.com\/help\/cookies?ref_type=sitefooter\">pol\u00edtica de cookies<\/a><\/li><\/ul>\n\n\n\n<p>Las implicaciones de privacidad estar\u00e1n en funci\u00f3n a cada red social y depender\u00e1n de la configuraci\u00f3n de privacidad que ha elegido en estas redes. En ning\u00fan caso, ni el responsable de esta web ni los anunciantes pueden obtener informaci\u00f3n personal identificable de estas cookies.<\/p>\n\n\n\n<p>A continuaci\u00f3n, y seg\u00fan exige el art\u00edculo 22.2 de la LSSI se detallan las cookies que pueden instalarse habitualmente durante la navegaci\u00f3n por este sitio web:<\/p>\n\n\n\n<figure class=\"wp-block-table\"><table><tbody><tr><td>Nombre<\/td><td>Duraci\u00f3n<\/td><td>Finalidad<\/td><\/tr><tr><td>_ga<\/td><td>2 a\u00f1os<\/td><td>Google Analytics, Habilitan la funci\u00f3n de control de visitas \u00fanicas. La primera vez que un usuario entre en el sitio Web de GES Seguros a trav\u00e9s de un navegador se instalar\u00e1 esta cookie. Cuando este usuario vuelva a entrar en nuestra p\u00e1gina con el mismo navegador, la cookie considerar\u00e1 que es el mismo usuario. Solo en el caso de que el usuario cambie de navegador, Google Analytics lo considerar\u00e1 otro usuario.<\/td><\/tr><tr><td>_gat<\/td><td>10 minutos<\/td><td>Google Analytics, Se usa para limitar el porcentaje de solicitudes.<\/td><\/tr><\/tbody><\/table><\/figure>\n\n\n\n<h2 class=\"wp-block-heading\">Como gestionar y desactivar estas cookies<\/h2>\n\n\n\n<p>Si no deseas que los sitios web pongan ninguna cookie en tu equipo, puedes adaptar la configuraci\u00f3n del navegador de modo que se te notifique antes de que se descargue ninguna cookie. De igual modo, puedes adaptar la configuraci\u00f3n de forma que el navegador rechace todas las cookies, o \u00fanicamente las cookies de terceros. Tambi\u00e9n puedes eliminar cualquiera de las cookies que ya se encuentren en tu equipo. Ten en cuenta que tendr\u00e1s que adaptar por separado la configuraci\u00f3n de cada navegador y equipo que utilices.<\/p>\n\n\n\n<p>marketingpamplonaenproceso.com\/inmobiliaria &nbsp;pone a disposici\u00f3n de los usuarios que quieran impedir la instalaci\u00f3n de las mencionad<\/p>\n\n\n\n<p>as cookies, enlaces facilitados al efecto por navegadores cuyo uso se considera m\u00e1s extendido:<\/p>\n\n\n\n<p><a href=\"https:\/\/support.google.com\/chrome\/answer\/95647?hl=es-419\">Google Chrome<\/a> \u2013 <a href=\"#ie=ie-10\">Internet Explorer<\/a> \u2013 <a href=\"http:\/\/support.mozilla.org\/es\/kb\/habilitar-y-deshabilitar-cookies-que-los-sitios-we\">Mozilla Firefox<\/a> \u2013 <a href=\"https:\/\/support.apple.com\/es-es\/HT201265\">Apple Safari<\/a><\/p>\n\n\n\n<p>Pol\u00edtica de cookies actualizada por \u00faltima vez el 26\/05\/2017<\/p>\n","protected":false},"excerpt":{"rendered":"<p>La LSSI-CE, &nbsp;obliga a todos los que tenemos un blog o una web a advertir al usuario de la existencia de cookies, informar sobre ellas &nbsp;y requerirle permiso para descargarlas. Art\u00edculo 22.2 de la Ley 34\/2002. \u201cLos prestadores de servicios podr\u00e1n utilizar dispositivos de almacenamiento y recuperaci\u00f3n de datos en equipos terminales de los destinatarios, [&hellip;]<\/p>\n","protected":false},"author":1,"featured_media":0,"parent":0,"menu_order":0,"comment_status":"closed","ping_status":"closed","template":"","meta":{"_et_pb_use_builder":"off","_et_pb_old_content":"","_et_gb_content_width":"","footnotes":""},"class_list":["post-617","page","type-page","status-publish","hentry"],"yoast_head":"<!-- This site is optimized with the Yoast SEO plugin v27.5 - https:\/\/yoast.com\/product\/yoast-seo-wordpress\/ -->\n<title>Pol\u00edtica de cookies - Reding investment<\/title>\n<meta name=\"robots\" content=\"index, follow, max-snippet:-1, max-image-preview:large, max-video-preview:-1\" \/>\n<link rel=\"canonical\" href=\"https:\/\/www.redingrealestateinvestment.com\/politica-de-cookies\/\" \/>\n<meta property=\"og:locale\" content=\"pl_PL\" \/>\n<meta property=\"og:type\" content=\"article\" \/>\n<meta property=\"og:title\" content=\"Pol\u00edtica de cookies - Reding investment\" \/>\n<meta property=\"og:description\" content=\"La LSSI-CE, &nbsp;obliga a todos los que tenemos un blog o una web a advertir al usuario de la existencia de cookies, informar sobre ellas &nbsp;y requerirle permiso para descargarlas. Art\u00edculo 22.2 de la Ley 34\/2002. \u201cLos prestadores de servicios podr\u00e1n utilizar dispositivos de almacenamiento y recuperaci\u00f3n de datos en equipos terminales de los destinatarios, [&hellip;]\" \/>\n<meta property=\"og:url\" content=\"https:\/\/www.redingrealestateinvestment.com\/politica-de-cookies\/\" \/>\n<meta property=\"og:site_name\" content=\"Reding investment\" \/>\n<meta property=\"article:modified_time\" content=\"2021-05-05T09:20:32+00:00\" \/>\n<meta name=\"twitter:card\" content=\"summary_large_image\" \/>\n<meta name=\"twitter:label1\" content=\"Szacowany czas czytania\" \/>\n\t<meta name=\"twitter:data1\" content=\"6 minut\" \/>\n<script type=\"application\/ld+json\" class=\"yoast-schema-graph\">{\"@context\":\"https:\\\/\\\/schema.org\",\"@graph\":[{\"@type\":\"WebPage\",\"@id\":\"https:\\\/\\\/www.redingrealestateinvestment.com\\\/politica-de-cookies\\\/\",\"url\":\"https:\\\/\\\/www.redingrealestateinvestment.com\\\/politica-de-cookies\\\/\",\"name\":\"Pol\u00edtica de cookies - Reding investment\",\"isPartOf\":{\"@id\":\"https:\\\/\\\/www.redingrealestateinvestment.com\\\/#website\"},\"datePublished\":\"2021-05-05T09:20:30+00:00\",\"dateModified\":\"2021-05-05T09:20:32+00:00\",\"breadcrumb\":{\"@id\":\"https:\\\/\\\/www.redingrealestateinvestment.com\\\/politica-de-cookies\\\/#breadcrumb\"},\"inLanguage\":\"pl-PL\",\"potentialAction\":[{\"@type\":\"ReadAction\",\"target\":[\"https:\\\/\\\/www.redingrealestateinvestment.com\\\/politica-de-cookies\\\/\"]}]},{\"@type\":\"BreadcrumbList\",\"@id\":\"https:\\\/\\\/www.redingrealestateinvestment.com\\\/politica-de-cookies\\\/#breadcrumb\",\"itemListElement\":[{\"@type\":\"ListItem\",\"position\":1,\"name\":\"Portada\",\"item\":\"https:\\\/\\\/www.redingrealestateinvestment.com\\\/pl\\\/nieruchomosci-malaga\\\/\"},{\"@type\":\"ListItem\",\"position\":2,\"name\":\"Pol\u00edtica de cookies\"}]},{\"@type\":\"WebSite\",\"@id\":\"https:\\\/\\\/www.redingrealestateinvestment.com\\\/#website\",\"url\":\"https:\\\/\\\/www.redingrealestateinvestment.com\\\/\",\"name\":\"Reding investment\",\"description\":\"Propiedades M\u00e1laga Marbella | Reding Real Estate | Espa\u00f1a\",\"potentialAction\":[{\"@type\":\"SearchAction\",\"target\":{\"@type\":\"EntryPoint\",\"urlTemplate\":\"https:\\\/\\\/www.redingrealestateinvestment.com\\\/?s={search_term_string}\"},\"query-input\":{\"@type\":\"PropertyValueSpecification\",\"valueRequired\":true,\"valueName\":\"search_term_string\"}}],\"inLanguage\":\"pl-PL\"}]}<\/script>\n<!-- \/ Yoast SEO plugin. -->","yoast_head_json":{"title":"Pol\u00edtica de cookies - Reding investment","robots":{"index":"index","follow":"follow","max-snippet":"max-snippet:-1","max-image-preview":"max-image-preview:large","max-video-preview":"max-video-preview:-1"},"canonical":"https:\/\/www.redingrealestateinvestment.com\/politica-de-cookies\/","og_locale":"pl_PL","og_type":"article","og_title":"Pol\u00edtica de cookies - Reding investment","og_description":"La LSSI-CE, &nbsp;obliga a todos los que tenemos un blog o una web a advertir al usuario de la existencia de cookies, informar sobre ellas &nbsp;y requerirle permiso para descargarlas. Art\u00edculo 22.2 de la Ley 34\/2002. \u201cLos prestadores de servicios podr\u00e1n utilizar dispositivos de almacenamiento y recuperaci\u00f3n de datos en equipos terminales de los destinatarios, [&hellip;]","og_url":"https:\/\/www.redingrealestateinvestment.com\/politica-de-cookies\/","og_site_name":"Reding investment","article_modified_time":"2021-05-05T09:20:32+00:00","twitter_card":"summary_large_image","twitter_misc":{"Szacowany czas czytania":"6 minut"},"schema":{"@context":"https:\/\/schema.org","@graph":[{"@type":"WebPage","@id":"https:\/\/www.redingrealestateinvestment.com\/politica-de-cookies\/","url":"https:\/\/www.redingrealestateinvestment.com\/politica-de-cookies\/","name":"Pol\u00edtica de cookies - Reding investment","isPartOf":{"@id":"https:\/\/www.redingrealestateinvestment.com\/#website"},"datePublished":"2021-05-05T09:20:30+00:00","dateModified":"2021-05-05T09:20:32+00:00","breadcrumb":{"@id":"https:\/\/www.redingrealestateinvestment.com\/politica-de-cookies\/#breadcrumb"},"inLanguage":"pl-PL","potentialAction":[{"@type":"ReadAction","target":["https:\/\/www.redingrealestateinvestment.com\/politica-de-cookies\/"]}]},{"@type":"BreadcrumbList","@id":"https:\/\/www.redingrealestateinvestment.com\/politica-de-cookies\/#breadcrumb","itemListElement":[{"@type":"ListItem","position":1,"name":"Portada","item":"https:\/\/www.redingrealestateinvestment.com\/pl\/nieruchomosci-malaga\/"},{"@type":"ListItem","position":2,"name":"Pol\u00edtica de cookies"}]},{"@type":"WebSite","@id":"https:\/\/www.redingrealestateinvestment.com\/#website","url":"https:\/\/www.redingrealestateinvestment.com\/","name":"Reding investment","description":"Propiedades M\u00e1laga Marbella | Reding Real Estate | Espa\u00f1a","potentialAction":[{"@type":"SearchAction","target":{"@type":"EntryPoint","urlTemplate":"https:\/\/www.redingrealestateinvestment.com\/?s={search_term_string}"},"query-input":{"@type":"PropertyValueSpecification","valueRequired":true,"valueName":"search_term_string"}}],"inLanguage":"pl-PL"}]}},"_links":{"self":[{"href":"https:\/\/www.redingrealestateinvestment.com\/pl\/wp-json\/wp\/v2\/pages\/617","targetHints":{"allow":["GET"]}}],"collection":[{"href":"https:\/\/www.redingrealestateinvestment.com\/pl\/wp-json\/wp\/v2\/pages"}],"about":[{"href":"https:\/\/www.redingrealestateinvestment.com\/pl\/wp-json\/wp\/v2\/types\/page"}],"author":[{"embeddable":true,"href":"https:\/\/www.redingrealestateinvestment.com\/pl\/wp-json\/wp\/v2\/users\/1"}],"replies":[{"embeddable":true,"href":"https:\/\/www.redingrealestateinvestment.com\/pl\/wp-json\/wp\/v2\/comments?post=617"}],"version-history":[{"count":0,"href":"https:\/\/www.redingrealestateinvestment.com\/pl\/wp-json\/wp\/v2\/pages\/617\/revisions"}],"wp:attachment":[{"href":"https:\/\/www.redingrealestateinvestment.com\/pl\/wp-json\/wp\/v2\/media?parent=617"}],"curies":[{"name":"wp","href":"https:\/\/api.w.org\/{rel}","templated":true}]}}